{"id":20444,"date":"2025-09-30T11:37:31","date_gmt":"2025-09-30T09:37:31","guid":{"rendered":"https:\/\/hexi.cz\/?post_type=product&#038;p=20444"},"modified":"2025-09-30T11:43:56","modified_gmt":"2025-09-30T09:43:56","slug":"aplikacni-rukavice-hexi","status":"publish","type":"product","link":"https:\/\/hexi.cz\/index.php\/product\/aplikacni-rukavice-hexi\/","title":{"rendered":"Aplika\u010dn\u00ed rukavice HEXI"},"content":{"rendered":"<div class=\"productpage-attributes-items\">\n<div class=\"js-product-reference-destination\">\n<div class=\"product-reference\"><b>Rukavice pro aplikaci PPF f\u00f3lie nebo p\u0159i t\u00f3nov\u00e1n\u00ed skel<\/b><\/div>\n<\/div>\n<\/div>\n<div class=\"product-information\">\n<div id=\"product-description-short-3860\" class=\"product-short-description\">\n<p><b>VELIKOST: UNIVERZALN\u00cd<\/b><\/p>\n<p><b>BARVA: \u010dern\u00e1 s logem HEXI<\/b><\/p>\n<\/div>\n<\/div>\n","protected":false},"excerpt":{"rendered":"<div class=\"productpage-attributes-items\">\n<div class=\"js-product-reference-destination\">\n<div class=\"product-reference\"><b>Rukavice pro aplikaci PPF f\u00f3lie nebo p\u0159i t\u00f3nov\u00e1n\u00ed skel<\/b><\/div>\n<\/div>\n<\/div>\n<div class=\"product-information\">\n<div id=\"product-description-short-3860\" class=\"product-short-description\">\n<p><b>VELIKOST: UNIVERZALN\u00cd<\/b><\/p>\n<p><b>BARVA: \u010dern\u00e1 s logem HEXI<\/b><\/p>\n<\/div>\n<\/div>\n","protected":false},"featured_media":20445,"comment_status":"open","ping_status":"closed","template":"","meta":[],"product_cat":[98,17,26,95],"product_tag":[],"_links":{"self":[{"href":"https:\/\/hexi.cz\/index.php\/wp-json\/wp\/v2\/product\/20444"}],"collection":[{"href":"https:\/\/hexi.cz\/index.php\/wp-json\/wp\/v2\/product"}],"about":[{"href":"https:\/\/hexi.cz\/index.php\/wp-json\/wp\/v2\/types\/product"}],"replies":[{"embeddable":true,"href":"https:\/\/hexi.cz\/index.php\/wp-json\/wp\/v2\/comments?post=20444"}],"version-history":[{"count":1,"href":"https:\/\/hexi.cz\/index.php\/wp-json\/wp\/v2\/product\/20444\/revisions"}],"predecessor-version":[{"id":20447,"href":"https:\/\/hexi.cz\/index.php\/wp-json\/wp\/v2\/product\/20444\/revisions\/20447"}],"wp:featuredmedia":[{"embeddable":true,"href":"https:\/\/hexi.cz\/index.php\/wp-json\/wp\/v2\/media\/20445"}],"wp:attachment":[{"href":"https:\/\/hexi.cz\/index.php\/wp-json\/wp\/v2\/media?parent=20444"}],"wp:term":[{"taxonomy":"product_cat","embeddable":true,"href":"https:\/\/hexi.cz\/index.php\/wp-json\/wp\/v2\/product_cat?post=20444"},{"taxonomy":"product_tag","embeddable":true,"href":"https:\/\/hexi.cz\/index.php\/wp-json\/wp\/v2\/product_tag?post=20444"}],"curies":[{"name":"wp","href":"https:\/\/api.w.org\/{rel}","templated":true}]}}