{"id":20279,"date":"2024-10-17T17:42:59","date_gmt":"2024-10-17T15:42:59","guid":{"rendered":"https:\/\/hexi.cz\/?post_type=product&#038;p=20279"},"modified":"2024-10-17T17:46:58","modified_gmt":"2024-10-17T15:46:58","slug":"podkladaci-blok-velky","status":"publish","type":"product","link":"https:\/\/hexi.cz\/index.php\/product\/podkladaci-blok-velky\/","title":{"rendered":"Podkl\u00e1dac\u00ed blok &#8211; velk\u00fd"},"content":{"rendered":"","protected":false},"excerpt":{"rendered":"<p>Podkl\u00e1dac\u00ed velk\u00fd blok k n\u016f\u017ekov\u00e9mu zved\u00e1ku<\/p>\n<ul>\n<li>tvrzen\u00e1 guma<\/li>\n<li>rozm\u011bry 165x120x60mm<\/li>\n<\/ul>\n","protected":false},"featured_media":20280,"comment_status":"open","ping_status":"closed","template":"","meta":[],"product_cat":[26,95],"product_tag":[],"_links":{"self":[{"href":"https:\/\/hexi.cz\/index.php\/wp-json\/wp\/v2\/product\/20279"}],"collection":[{"href":"https:\/\/hexi.cz\/index.php\/wp-json\/wp\/v2\/product"}],"about":[{"href":"https:\/\/hexi.cz\/index.php\/wp-json\/wp\/v2\/types\/product"}],"replies":[{"embeddable":true,"href":"https:\/\/hexi.cz\/index.php\/wp-json\/wp\/v2\/comments?post=20279"}],"version-history":[{"count":1,"href":"https:\/\/hexi.cz\/index.php\/wp-json\/wp\/v2\/product\/20279\/revisions"}],"predecessor-version":[{"id":20281,"href":"https:\/\/hexi.cz\/index.php\/wp-json\/wp\/v2\/product\/20279\/revisions\/20281"}],"wp:featuredmedia":[{"embeddable":true,"href":"https:\/\/hexi.cz\/index.php\/wp-json\/wp\/v2\/media\/20280"}],"wp:attachment":[{"href":"https:\/\/hexi.cz\/index.php\/wp-json\/wp\/v2\/media?parent=20279"}],"wp:term":[{"taxonomy":"product_cat","embeddable":true,"href":"https:\/\/hexi.cz\/index.php\/wp-json\/wp\/v2\/product_cat?post=20279"},{"taxonomy":"product_tag","embeddable":true,"href":"https:\/\/hexi.cz\/index.php\/wp-json\/wp\/v2\/product_tag?post=20279"}],"curies":[{"name":"wp","href":"https:\/\/api.w.org\/{rel}","templated":true}]}}