{"id":20271,"date":"2024-10-17T16:57:57","date_gmt":"2024-10-17T14:57:57","guid":{"rendered":"https:\/\/hexi.cz\/?post_type=product&#038;p=20271"},"modified":"2024-10-17T17:41:33","modified_gmt":"2024-10-17T15:41:33","slug":"dvousloupovy-zvedak-storm-4000e","status":"publish","type":"product","link":"https:\/\/hexi.cz\/index.php\/product\/dvousloupovy-zvedak-storm-4000e\/","title":{"rendered":"Dvousloupov\u00fd zvedak STORM 4000E 400V"},"content":{"rendered":"","protected":false},"excerpt":{"rendered":"<p>Autoservisn\u00ed, dvousloupov\u00fd zved\u00e1k STORM 4000E<\/p>\n<ul>\n<li>maxim\u00e1ln\u00ed nosnost: 4000 kg<\/li>\n<li>ovl\u00e1d\u00e1n\u00ed: elektronick\u00e1 z 24V boxu<\/li>\n<li>RAMENA: teleskopick\u00e1, 2-d\u00edln\u00e1<\/li>\n<li>P\u0158EPRAVN\u00cd ROZM\u011aRY 280X80X50CM<\/li>\n<\/ul>\n","protected":false},"featured_media":20274,"comment_status":"open","ping_status":"closed","template":"","meta":[],"product_cat":[26,92],"product_tag":[],"_links":{"self":[{"href":"https:\/\/hexi.cz\/index.php\/wp-json\/wp\/v2\/product\/20271"}],"collection":[{"href":"https:\/\/hexi.cz\/index.php\/wp-json\/wp\/v2\/product"}],"about":[{"href":"https:\/\/hexi.cz\/index.php\/wp-json\/wp\/v2\/types\/product"}],"replies":[{"embeddable":true,"href":"https:\/\/hexi.cz\/index.php\/wp-json\/wp\/v2\/comments?post=20271"}],"version-history":[{"count":3,"href":"https:\/\/hexi.cz\/index.php\/wp-json\/wp\/v2\/product\/20271\/revisions"}],"predecessor-version":[{"id":20278,"href":"https:\/\/hexi.cz\/index.php\/wp-json\/wp\/v2\/product\/20271\/revisions\/20278"}],"wp:featuredmedia":[{"embeddable":true,"href":"https:\/\/hexi.cz\/index.php\/wp-json\/wp\/v2\/media\/20274"}],"wp:attachment":[{"href":"https:\/\/hexi.cz\/index.php\/wp-json\/wp\/v2\/media?parent=20271"}],"wp:term":[{"taxonomy":"product_cat","embeddable":true,"href":"https:\/\/hexi.cz\/index.php\/wp-json\/wp\/v2\/product_cat?post=20271"},{"taxonomy":"product_tag","embeddable":true,"href":"https:\/\/hexi.cz\/index.php\/wp-json\/wp\/v2\/product_tag?post=20271"}],"curies":[{"name":"wp","href":"https:\/\/api.w.org\/{rel}","templated":true}]}}