{"id":20173,"date":"2024-10-13T09:33:38","date_gmt":"2024-10-13T07:33:38","guid":{"rendered":"https:\/\/hexi.cz\/?post_type=product&#038;p=20173"},"modified":"2024-10-13T09:40:24","modified_gmt":"2024-10-13T07:40:24","slug":"dilensky-zvedak-motoru-2t","status":"publish","type":"product","link":"https:\/\/hexi.cz\/index.php\/product\/dilensky-zvedak-motoru-2t\/","title":{"rendered":"D\u00edlensk\u00fd zved\u00e1k motoru 2T"},"content":{"rendered":"","protected":false},"excerpt":{"rendered":"<p>Autoservisn\u00ed, d\u00edlensk\u00fd zved\u00e1k motoru s nosnost\u00ed 2000kg<\/p>\n<ul>\n<li>proveden\u00ed \u010derven\u00e9 nebo \u0161ed\u00e9<\/li>\n<li>maxim\u00e1ln\u00ed nosnost ramene 2000kg<\/li>\n<li>podvozek: ANO<\/li>\n<li>balen\u00ed: dod\u00e1no v demontovan\u00e9m stavu<\/li>\n<\/ul>\n","protected":false},"featured_media":20174,"comment_status":"open","ping_status":"closed","template":"","meta":[],"product_cat":[26,92],"product_tag":[],"_links":{"self":[{"href":"https:\/\/hexi.cz\/index.php\/wp-json\/wp\/v2\/product\/20173"}],"collection":[{"href":"https:\/\/hexi.cz\/index.php\/wp-json\/wp\/v2\/product"}],"about":[{"href":"https:\/\/hexi.cz\/index.php\/wp-json\/wp\/v2\/types\/product"}],"replies":[{"embeddable":true,"href":"https:\/\/hexi.cz\/index.php\/wp-json\/wp\/v2\/comments?post=20173"}],"version-history":[{"count":2,"href":"https:\/\/hexi.cz\/index.php\/wp-json\/wp\/v2\/product\/20173\/revisions"}],"predecessor-version":[{"id":20177,"href":"https:\/\/hexi.cz\/index.php\/wp-json\/wp\/v2\/product\/20173\/revisions\/20177"}],"wp:featuredmedia":[{"embeddable":true,"href":"https:\/\/hexi.cz\/index.php\/wp-json\/wp\/v2\/media\/20174"}],"wp:attachment":[{"href":"https:\/\/hexi.cz\/index.php\/wp-json\/wp\/v2\/media?parent=20173"}],"wp:term":[{"taxonomy":"product_cat","embeddable":true,"href":"https:\/\/hexi.cz\/index.php\/wp-json\/wp\/v2\/product_cat?post=20173"},{"taxonomy":"product_tag","embeddable":true,"href":"https:\/\/hexi.cz\/index.php\/wp-json\/wp\/v2\/product_tag?post=20173"}],"curies":[{"name":"wp","href":"https:\/\/api.w.org\/{rel}","templated":true}]}}